{"id":563,"date":"2022-02-02T23:41:55","date_gmt":"2022-02-02T23:41:55","guid":{"rendered":"https:\/\/www.floristeriamilflores.com\/?page_id=563"},"modified":"2023-11-13T21:07:55","modified_gmt":"2023-11-13T21:07:55","slug":"contactanos","status":"publish","type":"page","link":"https:\/\/www.floristeriamilflores.com\/en\/contactanos\/","title":{"rendered":"Contact Us"},"content":{"rendered":"\t\t<div data-elementor-type=\"wp-page\" data-elementor-id=\"563\" class=\"elementor elementor-563\" data-elementor-post-type=\"page\">\n\t\t\t\t\t\t<section class=\"elementor-section elementor-top-section elementor-element elementor-element-4b5395c4 elementor-section-full_width elementor-section-content-middle elementor-reverse-mobile elementor-section-height-default elementor-section-height-default\" data-id=\"4b5395c4\" data-element_type=\"section\" data-e-type=\"section\">\n\t\t\t\t\t\t\t<div class=\"elementor-background-overlay\"><\/div>\n\t\t\t\t\t\t\t<div class=\"elementor-container elementor-column-gap-no\">\n\t\t\t\t\t<div class=\"elementor-column elementor-col-33 elementor-top-column elementor-element elementor-element-616e94e2\" data-id=\"616e94e2\" data-element_type=\"column\" data-e-type=\"column\">\n\t\t\t<div class=\"elementor-widget-wrap elementor-element-populated\">\n\t\t\t\t\t\t<div class=\"elementor-element elementor-element-4c6c43f5 elementor-widget elementor-widget-google_maps\" data-id=\"4c6c43f5\" data-element_type=\"widget\" data-e-type=\"widget\" data-widget_type=\"google_maps.default\">\n\t\t\t\t<div class=\"elementor-widget-container\">\n\t\t\t\t\t\t\t<div class=\"elementor-custom-embed\">\n\t\t\t<iframe loading=\"lazy\"\n\t\t\t\t\tsrc=\"https:\/\/maps.google.com\/maps?q=Floristeria%20milflores&#038;t=m&#038;z=14&#038;output=embed&#038;iwloc=near\"\n\t\t\t\t\ttitle=\"Floristeria milflores\"\n\t\t\t\t\taria-label=\"Floristeria milflores\"\n\t\t\t><\/iframe>\n\t\t<\/div>\n\t\t\t\t\t\t<\/div>\n\t\t\t\t<\/div>\n\t\t\t\t\t<\/div>\n\t\t<\/div>\n\t\t\t\t<div class=\"elementor-column elementor-col-66 elementor-top-column elementor-element elementor-element-646614db\" data-id=\"646614db\" data-element_type=\"column\" data-e-type=\"column\" data-settings=\"{&quot;background_background&quot;:&quot;classic&quot;}\">\n\t\t\t<div class=\"elementor-widget-wrap elementor-element-populated\">\n\t\t\t\t\t\t<div class=\"elementor-element elementor-element-15f1e01f elementor-widget elementor-widget-heading\" data-id=\"15f1e01f\" data-element_type=\"widget\" data-e-type=\"widget\" data-widget_type=\"heading.default\">\n\t\t\t\t<div class=\"elementor-widget-container\">\n\t\t\t\t\t<h6 class=\"elementor-heading-title elementor-size-default\">FlorisTERIA MIL FLORES<\/h6>\t\t\t\t<\/div>\n\t\t\t\t<\/div>\n\t\t\t\t<div class=\"elementor-element elementor-element-70957f9 elementor-widget elementor-widget-heading\" data-id=\"70957f9\" data-element_type=\"widget\" data-e-type=\"widget\" data-widget_type=\"heading.default\">\n\t\t\t\t<div class=\"elementor-widget-container\">\n\t\t\t\t\t<h2 class=\"elementor-heading-title elementor-size-xl\">CONTACTANOS<\/h2>\t\t\t\t<\/div>\n\t\t\t\t<\/div>\n\t\t\t\t<div class=\"elementor-element elementor-element-96581b6 elementor-button-align-center elementor-widget elementor-widget-form\" data-id=\"96581b6\" data-element_type=\"widget\" data-e-type=\"widget\" data-settings=\"{&quot;step_next_label&quot;:&quot;Next&quot;,&quot;step_previous_label&quot;:&quot;Previous&quot;,&quot;button_width&quot;:&quot;100&quot;,&quot;step_type&quot;:&quot;number_text&quot;,&quot;step_icon_shape&quot;:&quot;circle&quot;}\" data-widget_type=\"form.default\">\n\t\t\t\t<div class=\"elementor-widget-container\">\n\t\t\t\t\t\t\t<form class=\"elementor-form\" method=\"post\" name=\"Contact Form\" aria-label=\"Contact Form\">\r\n\t\t\t<input type=\"hidden\" name=\"post_id\" value=\"563\"\/>\r\n\t\t\t<input type=\"hidden\" name=\"form_id\" value=\"96581b6\"\/>\r\n\t\t\t<input type=\"hidden\" name=\"referer_title\" value=\"Cont\u00e1ctanos | Floristeria Mil Flores\" \/>\r\n\r\n\t\t\t\t\t\t\t<input type=\"hidden\" name=\"queried_id\" value=\"563\"\/>\r\n\t\t\t\r\n\t\t\t<div class=\"elementor-form-fields-wrapper elementor-labels-\">\r\n\t\t\t\t\t\t\t\t<div class=\"elementor-field-type-text elementor-field-group elementor-column elementor-field-group-field_436f233 elementor-col-50\">\r\n\t\t\t\t\t\t\t\t\t\t\t\t<label for=\"form-field-field_436f233\" class=\"elementor-field-label elementor-screen-only\">\r\n\t\t\t\t\t\t\t\tNombre Completo\t\t\t\t\t\t\t<\/label>\r\n\t\t\t\t\t\t\t\t\t\t\t\t\t\t<input size=\"1\" type=\"text\" name=\"form_fields[field_436f233]\" id=\"form-field-field_436f233\" class=\"elementor-field elementor-size-sm  elementor-field-textual\" placeholder=\"Nombre Completo\">\r\n\t\t\t\t\t\t\t\t\t\t\t<\/div>\r\n\t\t\t\t\t\t\t\t<div class=\"elementor-field-type-tel elementor-field-group elementor-column elementor-field-group-field_13f8176 elementor-col-50\">\r\n\t\t\t\t\t\t\t\t\t\t\t\t<label for=\"form-field-field_13f8176\" class=\"elementor-field-label elementor-screen-only\">\r\n\t\t\t\t\t\t\t\tN\u00famero\t\t\t\t\t\t\t<\/label>\r\n\t\t\t\t\t\t\t\t<input size=\"1\" type=\"tel\" name=\"form_fields[field_13f8176]\" id=\"form-field-field_13f8176\" class=\"elementor-field elementor-size-sm  elementor-field-textual\" placeholder=\"N\u00famero\" pattern=\"[0-9()#&amp;+*-=.]+\" title=\"Only numbers and phone characters (#, -, *, etc) are accepted.\">\r\n\r\n\t\t\t\t\t\t<\/div>\r\n\t\t\t\t\t\t\t\t<div class=\"elementor-field-type-email elementor-field-group elementor-column elementor-field-group-email elementor-col-50 elementor-field-required\">\r\n\t\t\t\t\t\t\t\t\t\t\t\t<label for=\"form-field-email\" class=\"elementor-field-label elementor-screen-only\">\r\n\t\t\t\t\t\t\t\tCorreo\t\t\t\t\t\t\t<\/label>\r\n\t\t\t\t\t\t\t\t\t\t\t\t\t\t<input size=\"1\" type=\"email\" name=\"form_fields[email]\" id=\"form-field-email\" class=\"elementor-field elementor-size-sm  elementor-field-textual\" placeholder=\"Correo\" required=\"required\">\r\n\t\t\t\t\t\t\t\t\t\t\t<\/div>\r\n\t\t\t\t\t\t\t\t<div class=\"elementor-field-type-textarea elementor-field-group elementor-column elementor-field-group-field_8fc8fef elementor-col-100\">\r\n\t\t\t\t\t\t\t\t\t\t\t\t<label for=\"form-field-field_8fc8fef\" class=\"elementor-field-label elementor-screen-only\">\r\n\t\t\t\t\t\t\t\tMensaje\t\t\t\t\t\t\t<\/label>\r\n\t\t\t\t\t\t<textarea class=\"elementor-field-textual elementor-field  elementor-size-sm\" name=\"form_fields[field_8fc8fef]\" id=\"form-field-field_8fc8fef\" rows=\"4\" placeholder=\"Mensaje\"><\/textarea>\t\t\t\t<\/div>\r\n\t\t\t\t\t\t\t\t<div class=\"elementor-field-type-recaptcha_v3 elementor-field-group elementor-column elementor-field-group-field_97d3d39 elementor-col-100 recaptcha_v3-inline\">\r\n\t\t\t\t\t<div class=\"elementor-field\" id=\"form-field-field_97d3d39\"><div class=\"elementor-g-recaptcha\" data-sitekey=\"6Ld3NQ4pAAAAAHcqtK5SW_qCr5sDC-M0nC9g3qZk\" data-type=\"v3\" data-action=\"Form\" data-badge=\"inline\" data-size=\"invisible\"><\/div><\/div>\t\t\t\t<\/div>\r\n\t\t\t\t\t\t\t\t<div class=\"elementor-field-group elementor-column elementor-field-type-submit elementor-col-100 e-form__buttons\">\r\n\t\t\t\t\t<button class=\"elementor-button elementor-size-sm\" type=\"submit\">\r\n\t\t\t\t\t\t<span class=\"elementor-button-content-wrapper\">\r\n\t\t\t\t\t\t\t\t\t\t\t\t\t\t\t\t\t\t\t\t\t\t<span class=\"elementor-button-text\">Enviar<\/span>\r\n\t\t\t\t\t\t\t\t\t\t\t\t\t<\/span>\r\n\t\t\t\t\t<\/button>\r\n\t\t\t\t<\/div>\r\n\t\t\t<\/div>\r\n\t\t<\/form>\r\n\t\t\t\t\t\t<\/div>\n\t\t\t\t<\/div>\n\t\t\t\t\t<\/div>\n\t\t<\/div>\n\t\t\t\t\t<\/div>\n\t\t<\/section>\n\t\t\t\t<\/div>\n\t\t","protected":false},"excerpt":{"rendered":"<p>FlorisTERIA MIL FLORES CONTACTANOS<\/p>","protected":false},"author":1,"featured_media":0,"parent":0,"menu_order":0,"comment_status":"closed","ping_status":"closed","template":"","meta":{"footnotes":""},"class_list":["post-563","page","type-page","status-publish","hentry"],"yoast_head":"<!-- This site is optimized with the Yoast SEO plugin v27.5 - https:\/\/yoast.com\/product\/yoast-seo-wordpress\/ -->\n<title>Cont\u00e1ctanos | Floristeria Mil Flores<\/title>\n<meta name=\"description\" content=\"Cont\u00e1ctanos si necesitas ayuda para enviar flores y detalles a tus seres amados, Florister\u00eda Mil Flores est\u00e1 aqu\u00ed para asistirte.\" \/>\n<meta name=\"robots\" content=\"index, follow, max-snippet:-1, max-image-preview:large, max-video-preview:-1\" \/>\n<link rel=\"canonical\" href=\"https:\/\/www.floristeriamilflores.com\/en\/contactanos\/\" \/>\n<meta property=\"og:locale\" content=\"en_US\" \/>\n<meta property=\"og:type\" content=\"article\" \/>\n<meta property=\"og:title\" content=\"Cont\u00e1ctanos | Floristeria Mil Flores\" \/>\n<meta property=\"og:description\" content=\"Cont\u00e1ctanos si necesitas ayuda para enviar flores y detalles a tus seres amados, Florister\u00eda Mil Flores est\u00e1 aqu\u00ed para asistirte.\" \/>\n<meta property=\"og:url\" content=\"https:\/\/www.floristeriamilflores.com\/en\/contactanos\/\" \/>\n<meta property=\"og:site_name\" content=\"Floristeria Mil Flores\" \/>\n<meta property=\"article:modified_time\" content=\"2023-11-13T21:07:55+00:00\" \/>\n<meta name=\"twitter:card\" content=\"summary_large_image\" \/>\n<meta name=\"twitter:label1\" content=\"Est. reading time\" \/>\n\t<meta name=\"twitter:data1\" content=\"1 minute\" \/>\n<script type=\"application\/ld+json\" class=\"yoast-schema-graph\">{\"@context\":\"https:\\\/\\\/schema.org\",\"@graph\":[{\"@type\":\"WebPage\",\"@id\":\"https:\\\/\\\/www.floristeriamilflores.com\\\/contactanos\\\/\",\"url\":\"https:\\\/\\\/www.floristeriamilflores.com\\\/contactanos\\\/\",\"name\":\"Cont\u00e1ctanos | Floristeria Mil Flores\",\"isPartOf\":{\"@id\":\"https:\\\/\\\/www.floristeriamilflores.com\\\/en\\\/#website\"},\"datePublished\":\"2022-02-02T23:41:55+00:00\",\"dateModified\":\"2023-11-13T21:07:55+00:00\",\"description\":\"Cont\u00e1ctanos si necesitas ayuda para enviar flores y detalles a tus seres amados, Florister\u00eda Mil Flores est\u00e1 aqu\u00ed para asistirte.\",\"breadcrumb\":{\"@id\":\"https:\\\/\\\/www.floristeriamilflores.com\\\/contactanos\\\/#breadcrumb\"},\"inLanguage\":\"en-US\",\"potentialAction\":[{\"@type\":\"ReadAction\",\"target\":[\"https:\\\/\\\/www.floristeriamilflores.com\\\/contactanos\\\/\"]}]},{\"@type\":\"BreadcrumbList\",\"@id\":\"https:\\\/\\\/www.floristeriamilflores.com\\\/contactanos\\\/#breadcrumb\",\"itemListElement\":[{\"@type\":\"ListItem\",\"position\":1,\"name\":\"Inicio\",\"item\":\"https:\\\/\\\/www.floristeriamilflores.com\\\/\"},{\"@type\":\"ListItem\",\"position\":2,\"name\":\"Cont\u00e1ctanos\"}]},{\"@type\":\"WebSite\",\"@id\":\"https:\\\/\\\/www.floristeriamilflores.com\\\/en\\\/#website\",\"url\":\"https:\\\/\\\/www.floristeriamilflores.com\\\/en\\\/\",\"name\":\"Floristeria Mil Flores\",\"description\":\"Otro sitio realizado con WordPress\",\"publisher\":{\"@id\":\"https:\\\/\\\/www.floristeriamilflores.com\\\/en\\\/#organization\"},\"potentialAction\":[{\"@type\":\"SearchAction\",\"target\":{\"@type\":\"EntryPoint\",\"urlTemplate\":\"https:\\\/\\\/www.floristeriamilflores.com\\\/en\\\/?s={search_term_string}\"},\"query-input\":{\"@type\":\"PropertyValueSpecification\",\"valueRequired\":true,\"valueName\":\"search_term_string\"}}],\"inLanguage\":\"en-US\"},{\"@type\":\"Organization\",\"@id\":\"https:\\\/\\\/www.floristeriamilflores.com\\\/en\\\/#organization\",\"name\":\"Floristeria Mil Flores\",\"url\":\"https:\\\/\\\/www.floristeriamilflores.com\\\/en\\\/\",\"logo\":{\"@type\":\"ImageObject\",\"inLanguage\":\"en-US\",\"@id\":\"https:\\\/\\\/www.floristeriamilflores.com\\\/en\\\/#\\\/schema\\\/logo\\\/image\\\/\",\"url\":\"https:\\\/\\\/www.floristeriamilflores.com\\\/wp-content\\\/uploads\\\/2021\\\/10\\\/LOGO-1.png\",\"contentUrl\":\"https:\\\/\\\/www.floristeriamilflores.com\\\/wp-content\\\/uploads\\\/2021\\\/10\\\/LOGO-1.png\",\"width\":1293,\"height\":432,\"caption\":\"Floristeria Mil Flores\"},\"image\":{\"@id\":\"https:\\\/\\\/www.floristeriamilflores.com\\\/en\\\/#\\\/schema\\\/logo\\\/image\\\/\"}}]}<\/script>\n<!-- \/ Yoast SEO plugin. -->","yoast_head_json":{"title":"Contact Us | Floristeria Mil Flores","description":"Contact us if you need help to send flowers and details to your loved ones, Florister\u00eda Mil Flores is here to assist you.","robots":{"index":"index","follow":"follow","max-snippet":"max-snippet:-1","max-image-preview":"max-image-preview:large","max-video-preview":"max-video-preview:-1"},"canonical":"https:\/\/www.floristeriamilflores.com\/en\/contactanos\/","og_locale":"en_US","og_type":"article","og_title":"Cont\u00e1ctanos | Floristeria Mil Flores","og_description":"Cont\u00e1ctanos si necesitas ayuda para enviar flores y detalles a tus seres amados, Florister\u00eda Mil Flores est\u00e1 aqu\u00ed para asistirte.","og_url":"https:\/\/www.floristeriamilflores.com\/en\/contactanos\/","og_site_name":"Floristeria Mil Flores","article_modified_time":"2023-11-13T21:07:55+00:00","twitter_card":"summary_large_image","twitter_misc":{"Est. reading time":"1 minute"},"schema":{"@context":"https:\/\/schema.org","@graph":[{"@type":"WebPage","@id":"https:\/\/www.floristeriamilflores.com\/contactanos\/","url":"https:\/\/www.floristeriamilflores.com\/contactanos\/","name":"Contact Us | Floristeria Mil Flores","isPartOf":{"@id":"https:\/\/www.floristeriamilflores.com\/en\/#website"},"datePublished":"2022-02-02T23:41:55+00:00","dateModified":"2023-11-13T21:07:55+00:00","description":"Contact us if you need help to send flowers and details to your loved ones, Florister\u00eda Mil Flores is here to assist you.","breadcrumb":{"@id":"https:\/\/www.floristeriamilflores.com\/contactanos\/#breadcrumb"},"inLanguage":"en-US","potentialAction":[{"@type":"ReadAction","target":["https:\/\/www.floristeriamilflores.com\/contactanos\/"]}]},{"@type":"BreadcrumbList","@id":"https:\/\/www.floristeriamilflores.com\/contactanos\/#breadcrumb","itemListElement":[{"@type":"ListItem","position":1,"name":"Inicio","item":"https:\/\/www.floristeriamilflores.com\/"},{"@type":"ListItem","position":2,"name":"Cont\u00e1ctanos"}]},{"@type":"WebSite","@id":"https:\/\/www.floristeriamilflores.com\/en\/#website","url":"https:\/\/www.floristeriamilflores.com\/en\/","name":"Floristeria Mil Flores","description":"Otro sitio realizado con WordPress","publisher":{"@id":"https:\/\/www.floristeriamilflores.com\/en\/#organization"},"potentialAction":[{"@type":"SearchAction","target":{"@type":"EntryPoint","urlTemplate":"https:\/\/www.floristeriamilflores.com\/en\/?s={search_term_string}"},"query-input":{"@type":"PropertyValueSpecification","valueRequired":true,"valueName":"search_term_string"}}],"inLanguage":"en-US"},{"@type":"Organization","@id":"https:\/\/www.floristeriamilflores.com\/en\/#organization","name":"Floristeria Mil Flores","url":"https:\/\/www.floristeriamilflores.com\/en\/","logo":{"@type":"ImageObject","inLanguage":"en-US","@id":"https:\/\/www.floristeriamilflores.com\/en\/#\/schema\/logo\/image\/","url":"https:\/\/www.floristeriamilflores.com\/wp-content\/uploads\/2021\/10\/LOGO-1.png","contentUrl":"https:\/\/www.floristeriamilflores.com\/wp-content\/uploads\/2021\/10\/LOGO-1.png","width":1293,"height":432,"caption":"Floristeria Mil Flores"},"image":{"@id":"https:\/\/www.floristeriamilflores.com\/en\/#\/schema\/logo\/image\/"}}]}},"jetpack_sharing_enabled":true,"_links":{"self":[{"href":"https:\/\/www.floristeriamilflores.com\/en\/wp-json\/wp\/v2\/pages\/563","targetHints":{"allow":["GET"]}}],"collection":[{"href":"https:\/\/www.floristeriamilflores.com\/en\/wp-json\/wp\/v2\/pages"}],"about":[{"href":"https:\/\/www.floristeriamilflores.com\/en\/wp-json\/wp\/v2\/types\/page"}],"author":[{"embeddable":true,"href":"https:\/\/www.floristeriamilflores.com\/en\/wp-json\/wp\/v2\/users\/1"}],"replies":[{"embeddable":true,"href":"https:\/\/www.floristeriamilflores.com\/en\/wp-json\/wp\/v2\/comments?post=563"}],"version-history":[{"count":0,"href":"https:\/\/www.floristeriamilflores.com\/en\/wp-json\/wp\/v2\/pages\/563\/revisions"}],"wp:attachment":[{"href":"https:\/\/www.floristeriamilflores.com\/en\/wp-json\/wp\/v2\/media?parent=563"}],"curies":[{"name":"wp","href":"https:\/\/api.w.org\/{rel}","templated":true}]}}